{"id":1312,"date":"2025-03-06T11:32:20","date_gmt":"2025-03-06T11:32:20","guid":{"rendered":"https:\/\/trfocusnews.com\/?page_id=1312"},"modified":"2025-11-01T08:09:03","modified_gmt":"2025-11-01T08:09:03","slug":"genel-hukum-ve-kosullar","status":"publish","type":"page","link":"https:\/\/trfocusnews.com\/?page_id=1312","title":{"rendered":"Genel h\u00fck\u00fcm ve ko\u015fullar"},"content":{"rendered":"<p><a href=\"https:\/\/trfocusnews.com\/\">trfocusnews.com<\/a> web sitesine ho\u015f geldiniz!<\/p>\n<p>H\u00fck\u00fcm ve ko\u015fullar, <a href=\"https:\/\/trfocusnews.com\/\">trfocusnews.com<\/a> adresinde bulunan <a href=\"https:\/\/trfocusnews.com\/\">trfocusnews.com<\/a> web sitesinin kullan\u0131m\u0131na ili\u015fkin kural ve<br \/>\nd\u00fczenlemeleri a\u00e7\u0131klamaktad\u0131r.<\/p>\n<p>Bu web sitesine eri\u015ferek h\u00fck\u00fcm ve ko\u015fullar\u0131 kabul etti\u011finizi varsay\u0131yoruz. Bu sayfada belirtilen t\u00fcm h\u00fck\u00fcm ve ko\u015fullar\u0131<br \/>\nkabul etmedi\u011finiz s\u00fcrece <a href=\"https:\/\/trfocusnews.com\/\">trfocusnews.com<\/a> web sitesini kullanmaya devam etmeyin.<\/p>\n<p>A\u015fa\u011f\u0131daki terminoloji H\u00fck\u00fcm ve Ko\u015fullar, Gizlilik Politikas\u0131 ve Feragat Bildirimi ve t\u00fcm s\u00f6zle\u015fmeler i\u00e7in ge\u00e7erlidir:<br \/>\n&#8220;M\u00fc\u015fteri&#8221;, &#8220;siz&#8221; ve &#8220;sizin&#8221;, bu web sitesini ziyaret eden ve \u015eirketin H\u00fck\u00fcm ve Ko\u015fullar\u0131na uyan ki\u015fi anlam\u0131na gelir.<br \/>\n&#8220;\u015eirket&#8221;, &#8220;biz&#8221;, &#8220;bize&#8221;, &#8220;bizim&#8221; ve &#8220;B\u0130Z&#8221;, \u015eirketimizi ifade eder. &#8220;Taraf&#8221;, &#8220;taraflar&#8221; veya &#8220;biz&#8221; hem m\u00fc\u015fteriyi hem de<br \/>\nkendimizi ifade eder. T\u00fcm terimler, \u015eirketin T\u00fcrkiye yasalar\u0131na uygun olarak s\u00f6z konusu hizmetleri sa\u011flamas\u0131yla<br \/>\nba\u011flant\u0131l\u0131 olarak M\u00fc\u015fterinin ihtiya\u00e7lar\u0131n\u0131 kar\u015f\u0131lamak i\u00e7in M\u00fc\u015fteriye en uygun \u015fekilde yard\u0131mc\u0131 olma s\u00fcrecini y\u00fcr\u00fctmek<br \/>\ni\u00e7in gerekli \u00f6deme teklifini, kabul\u00fcn\u00fc ve de\u011ferlendirmesini ifade eder. Yukar\u0131daki terminolojinin veya di\u011fer kelimelerin<br \/>\ntekil, \u00e7o\u011ful, b\u00fcy\u00fck harfle ve\/veya o\/o\/onlar \u015feklinde kullan\u0131lmas\u0131 birbirinin yerine kullan\u0131labilir olarak kabul<br \/>\nedilecek ve dolay\u0131s\u0131yla ayn\u0131 \u015feyi ifade edecektir.<\/p>\n<p><b>Cookie<\/b><br \/>\n\u00c7erez kullan\u0131yoruz. <a href=\"https:\/\/trfocusnews.com\/\">trfocusnews.com<\/a> web sitesine girerek <a href=\"https:\/\/trfocusnews.com\/\">trfocusnews.com<\/a>&#8216;in gizlilik politikas\u0131na uygun olarak \u00e7erezlerin<br \/>\nkullan\u0131lmas\u0131na izin vermi\u015f olursunuz.<\/p>\n<p>\u00c7o\u011fu interaktif web sitesi, her ziyarette kullan\u0131c\u0131 hakk\u0131nda bilgi almak i\u00e7in \u00e7erezleri kullan\u0131r. Cookie, web sitemiz<br \/>\ntaraf\u0131ndan belirli alanlarda i\u015flevsellik sa\u011flamak ve web sitemizi ziyaret edenlerin deneyimini kolayla\u015ft\u0131rmak i\u00e7in<br \/>\nkullan\u0131l\u0131r. Baz\u0131 ortaklar\u0131m\u0131z\/reklam ortaklar\u0131m\u0131z da cookie dosyalar\u0131n\u0131 kullanabilir.<\/p>\n<p><b>Ruhsat<\/b><br \/>\nAksi belirtilmedik\u00e7e <a href=\"https:\/\/trfocusnews.com\/\">trfocusnews.com<\/a> ve\/veya lisans verenleri, <a href=\"https:\/\/trfocusnews.com\/\">trfocusnews.com<\/a> web sitesindeki t\u00fcm materyallerin fikri<br \/>\nm\u00fclkiyet haklar\u0131na sahiptir. T\u00fcm fikri m\u00fclkiyet haklar\u0131 sakl\u0131d\u0131r. <a href=\"https:\/\/trfocusnews.com\/\">trfocusnews.com<\/a> web sitesindeki materyallere, H\u00fck\u00fcm ve<br \/>\nKo\u015fullarda belirtilen k\u0131s\u0131tlamalara tabi olarak kendi ki\u015fisel kullan\u0131m\u0131n\u0131z i\u00e7in eri\u015febilirsiniz.<\/p>\n<p>\u015eunlar\u0131 yapmamal\u0131s\u0131n\u0131z:<\/p>\n<ul>\n<li><a href=\"https:\/\/trfocusnews.com\/\">trfocusnews.com<\/a> web sitesinden materyaller;<\/li>\n<li><a href=\"https:\/\/trfocusnews.com\/\">trfocusnews.com<\/a> sitesindeki herhangi bir materyali satmak, kiralamak veya alt lisans\u0131n\u0131 vermek;<\/li>\n<li><a href=\"https:\/\/trfocusnews.com\/\">trfocusnews.com<\/a> web sitesindeki herhangi bir materyali \u00e7o\u011faltmak veya kopyalamak;<\/li>\n<li><a href=\"https:\/\/trfocusnews.com\/\">trfocusnews.com<\/a> sitesinin i\u00e7eri\u011fi.<\/li>\n<\/ul>\n<p>Bu sitenin b\u00f6l\u00fcmleri, kullan\u0131c\u0131lara sitenin belirli alanlar\u0131nda g\u00f6r\u00fc\u015f ve bilgi g\u00f6nderme ve payla\u015fma f\u0131rsat\u0131 sa\u011flar.<br \/>\n<a href=\"https:\/\/trfocusnews.com\/\">trfocusnews.com<\/a> yorumlar\u0131 sitede yay\u0131nlanmadan \u00f6nce filtrelemez, d\u00fczenlemez, yay\u0131nlamaz veya g\u00f6zden ge\u00e7irmez. Yorumlar<br \/>\n<a href=\"https:\/\/trfocusnews.com\/\">trfocusnews.com<\/a>&#8216;in, temsilcilerinin ve\/veya ba\u011fl\u0131 kurulu\u015flar\u0131n\u0131n g\u00f6r\u00fc\u015f ve d\u00fc\u015f\u00fcncelerini yans\u0131tmaz. Yorumlar, kendi g\u00f6r\u00fc\u015f<br \/>\nve d\u00fc\u015f\u00fcncelerini yay\u0131nlayan ki\u015finin g\u00f6r\u00fc\u015f ve d\u00fc\u015f\u00fcncelerini yans\u0131t\u0131r. Y\u00fcr\u00fcrl\u00fckteki yasalar\u0131n izin verdi\u011fi \u00f6l\u00e7\u00fcde<br \/>\n<a href=\"https:\/\/trfocusnews.com\/\">trfocusnews.com<\/a> herhangi bir Yorumdan veya herhangi bir Yorumun bu Web Sitesinde kullan\u0131lmas\u0131 ve\/veya yay\u0131nlanmas\u0131<br \/>\nve\/veya g\u00f6r\u00fcnmesi sonucunda ortaya \u00e7\u0131kan ve\/veya neden olunan herhangi bir y\u00fck\u00fcml\u00fcl\u00fck, hasar veya masraftan sorumlu<br \/>\nolmayacakt\u0131r.<\/p>\n<p><a href=\"https:\/\/trfocusnews.com\/\">trfocusnews.com<\/a> her t\u00fcrl\u00fc Yorumu izleme ve uygunsuz, sald\u0131rgan veya H\u00fck\u00fcm ve Ko\u015fullar\u0131 ihlal etti\u011fi d\u00fc\u015f\u00fcn\u00fclen Yorumlar\u0131<br \/>\nkald\u0131rma hakk\u0131n\u0131 sakl\u0131 tutar.<\/p>\n<p>\u015eunlar\u0131 garanti ve beyan edersiniz:<\/p>\n<ul>\n<li>Web sitemize yorum g\u00f6nderme hakk\u0131na sahipsiniz ve bunu yapmak i\u00e7in gerekli t\u00fcm lisans ve izinlere sahipsiniz;\n    <\/li>\n<li>Yorumlar, \u00fc\u00e7\u00fcnc\u00fc taraflar\u0131n telif haklar\u0131, patentleri veya ticari markalar\u0131 dahil ancak bunlarla s\u0131n\u0131rl\u0131 olmamak<br \/>\n        \u00fczere herhangi bir fikri m\u00fclkiyet hakk\u0131n\u0131 ihlal etmemektedir;<\/li>\n<li>Yorumlar iftira niteli\u011finde, karalay\u0131c\u0131, k\u00fcf\u00fcrl\u00fc, m\u00fcstehcen veya gizlilik ihlali te\u015fkil eden ba\u015fka bir \u015fekilde<br \/>\n        yasad\u0131\u015f\u0131 materyal i\u00e7ermez;<\/li>\n<li>Yorumlar, ticari veya ki\u015fisel faaliyetlerin reklam\u0131n\u0131 yapmak veya tan\u0131tmak ya da ticari veya yasad\u0131\u015f\u0131<br \/>\n        faaliyetleri temsil etmek i\u00e7in kullan\u0131lmayacakt\u0131r.<\/li>\n<\/ul>\n<p><a href=\"https:\/\/trfocusnews.com\/\">trfocusnews.com<\/a> Yorumlar\u0131n\u0131z\u0131 herhangi bir bi\u00e7imde, formatta veya ortamda kullanmak, \u00e7o\u011faltmak, de\u011fi\u015ftirmek ve<br \/>\nba\u015fkalar\u0131na kullanma, \u00e7o\u011faltma ve de\u011fi\u015ftirme yetkisi vermek i\u00e7in m\u00fcnhas\u0131r olmayan bir lisans verirsiniz.<\/p>\n<p>Materyallerimize hiper ba\u011flant\u0131<br \/>\nA\u015fa\u011f\u0131daki kurulu\u015flar \u00f6nceden yaz\u0131l\u0131 izin almaks\u0131z\u0131n web sitemize ba\u011flant\u0131 verebilirler:<\/p>\n<ul>\n<li>Devlet kurumlar\u0131;<\/li>\n<li>Arama motorlar\u0131;<\/li>\n<li>Haber kurulu\u015flar\u0131;<\/li>\n<li>\u00c7evrimi\u00e7i katalog \u015firketleri, borsada i\u015flem g\u00f6ren di\u011fer \u015firketlerin sitelerine ba\u011flant\u0131 verdikleri gibi bizim<br \/>\n        sitemize de ba\u011flant\u0131 verebilirler;<\/li>\n<li>K\u00e2r amac\u0131 g\u00fctmeyen kurulu\u015flar, hay\u0131r kurumu sat\u0131n alma merkezleri ve hay\u0131r vak\u0131flar\u0131 hari\u00e7 olmak \u00fczere akredite<br \/>\n        \u015firketler sitemize ba\u011flant\u0131 vermeyebilir.<\/li>\n<\/ul>\n<p>Bu kurulu\u015flar, s\u00f6z konusu ba\u011flant\u0131n\u0131n (a) herhangi bir \u015fekilde aldat\u0131c\u0131 olmamas\u0131; (b) ba\u011flant\u0131l\u0131 taraf\u0131n ve \u00fcr\u00fcnlerinin<br \/>\nve\/veya hizmetlerinin yanl\u0131\u015f sponsorlu\u011fu veya onay\u0131 anlam\u0131na gelmemesi; (c) ba\u011flant\u0131l\u0131 sitenin ba\u011flam\u0131na uygun olmas\u0131<br \/>\nko\u015fuluyla ana sayfam\u0131za, yay\u0131nlar\u0131m\u0131za veya sitedeki di\u011fer bilgilere ba\u011flant\u0131 verebilir.<\/p>\n<p>A\u015fa\u011f\u0131daki kurulu\u015f t\u00fcrlerinden gelen di\u011fer ba\u011flant\u0131 taleplerini de\u011ferlendirebilir ve onaylayabiliriz:<\/p>\n<ul>\n<li>T\u00fcketiciler ve\/veya i\u015fletmeler i\u00e7in yayg\u0131n olarak bilinen bilgi kaynaklar\u0131;<\/li>\n<li>dot.com topluluk web siteleri;<\/li>\n<li>hay\u0131r kurumlar\u0131n\u0131 temsil eden dernekler veya di\u011fer gruplar;<\/li>\n<li>\u00e7evrimi\u00e7i katalog da\u011f\u0131t\u0131c\u0131lar\u0131;<\/li>\n<li>\u0130nternet portallar\u0131;<\/li>\n<li>muhasebe, hukuk ve dan\u0131\u015fmanl\u0131k firmalar\u0131;<\/li>\n<li>e\u011fitim kurumlar\u0131 ve meslek birlikleri.<\/li>\n<\/ul>\n<p>Bu kurulu\u015flardan gelen ba\u011flant\u0131 taleplerini (a) ba\u011flant\u0131n\u0131n bize veya akredite i\u015fletmelerimize zarar vermedi\u011fine; (b)<br \/>\nkurulu\u015fun bizimle olumsuz bir ili\u015fkisi olmad\u0131\u011f\u0131na; (c) k\u00f6pr\u00fcn\u00fcn g\u00f6r\u00fcn\u00fcrl\u00fc\u011f\u00fcn\u00fcn bize sa\u011flayaca\u011f\u0131 faydan\u0131n ger\u00e7ek kilobayt<br \/>\neksikli\u011fini telafi etti\u011fine ve (d) ba\u011flant\u0131n\u0131n genel kaynak bilgilerine y\u00f6nelik oldu\u011funa karar vermemiz halinde kabul<br \/>\nedece\u011fiz.<\/p>\n<p>Bu kurulu\u015flar, ba\u011flant\u0131n\u0131n (a) herhangi bir \u015fekilde aldat\u0131c\u0131 olmamas\u0131; (b) ba\u011flant\u0131l\u0131 taraf\u0131n ve \u00fcr\u00fcn veya hizmetlerinin<br \/>\nsponsorlu\u011funu veya onay\u0131n\u0131 yanl\u0131\u015f bir \u015fekilde ima etmemesi ve (c) par\u00e7ac\u0131\u011f\u0131n eklendi\u011fi sitenin ba\u011flam\u0131na uymas\u0131<br \/>\nko\u015fuluyla ana sayfam\u0131za ba\u011flant\u0131 verebilir.<\/p>\n<p>Madde 2&#8217;de listelenen kurulu\u015flardan biriyseniz ve sitemize ba\u011flant\u0131 vermek istiyorsan\u0131z <a\n    href=\"mailto:info@trfocusnews.com\">info@trfocusnews.com<\/a>&#8216;a e-posta g\u00f6ndererek bize bildirimde bulunmal\u0131s\u0131n\u0131z.<br \/>\nAd\u0131n\u0131z\u0131, kurulu\u015f ad\u0131n\u0131z\u0131, ileti\u015fim bilgilerinizi ve web sitesi URL&#8217;nizi, web sitemize ba\u011flant\u0131 vermek istedi\u011finiz<br \/>\nURL&#8217;lerin bir listesini ve ba\u011flant\u0131 vermek istedi\u011finiz web sitelerimizin URL&#8217;lerinin bir listesini ekleyin. 2-3 hafta<br \/>\ni\u00e7inde geri d\u00f6n\u00fc\u015f yapaca\u011f\u0131z.<\/p>\n<p>Yetkili kurulu\u015flar sitemize a\u015fa\u011f\u0131daki \u015fekillerde ba\u011flant\u0131 verebilirler:<\/p>\n<ul>\n<li>\u00fczerinde \u015firketimizin ad\u0131 olan;<\/li>\n<li>veya bir Tekd\u00fczen Kaynak Konum Belirleyicisi kullanmak;<\/li>\n<li>veya ba\u011flant\u0131l\u0131 sitemizin, ba\u011flant\u0131l\u0131 taraf\u0131n sitesinin i\u00e7eri\u011fi ba\u011flam\u0131nda ve bi\u00e7iminde uygun olan ba\u015fka<br \/>\n        herhangi bir tan\u0131m\u0131n\u0131 kullanmak.<\/li>\n<\/ul>\n<p><a href=\"https:\/\/trfocusnews.com\/\">trfocusnews.com<\/a> logosunun veya di\u011fer sanatsal tasar\u0131mlar\u0131n kullan\u0131m\u0131na, ticari marka lisans anla\u015fmas\u0131 olmamas\u0131 durumunda<br \/>\nba\u011flant\u0131lar i\u00e7in izin verilmez.<\/p>\n<p><b>IFRAME<\/b><br \/>\n\u00d6nceden ve yaz\u0131l\u0131 izin almadan web sayfalar\u0131m\u0131z\u0131n etraf\u0131nda web sitemizin g\u00f6rsel sunumunu veya g\u00f6r\u00fcn\u00fcm\u00fcn\u00fc herhangi bir<br \/>\n\u015fekilde de\u011fi\u015ftiren \u00e7er\u00e7eveler olu\u015fturamazs\u0131n\u0131z.<\/p>\n<p><b>\u0130\u00e7erik i\u00e7in sorumluluk<\/b><br \/>\nSi\u0307teni\u0307zde yay\u0131nlanan herhangi\u0307 bi\u0307r i\u0307\u00e7eri\u0307kten sorumlu de\u011filiz. Sitenizin kullan\u0131m\u0131ndan kaynaklanan her t\u00fcrl\u00fc iddiaya<br \/>\nkar\u015f\u0131 bizi savunmay\u0131 kabul edersiniz. Hi\u00e7bir site, hakaret, m\u00fcstehcenlik veya su\u00e7 olarak yorumlanabilecek veya herhangi<br \/>\nbir \u00fc\u00e7\u00fcnc\u00fc taraf\u0131n haklar\u0131n\u0131 ihlal eden ba\u011flant\u0131lar i\u00e7ermemelidir.<\/p>\n<p><b>Gizlili\u011finiz<\/b><br \/>\nGi\u0307zli\u0307li\u0307k poli\u0307ti\u0307kam\u0131z\u0131 okuyun<br \/>\nHaklar\u0131m\u0131z\u0131 sakl\u0131 tutar\u0131z<br \/>\nSitemize olan ba\u011flant\u0131lar\u0131 veya belirli referanslar\u0131 kald\u0131rma hakk\u0131m\u0131z\u0131 sakl\u0131 tutar\u0131z. Talep \u00fczerine sitemize olan t\u00fcm<br \/>\nba\u011flant\u0131lar\u0131 derhal kald\u0131rmay\u0131 kabul edersiniz. Ayr\u0131ca h\u00fck\u00fcm ve ko\u015fullar\u0131 ve ba\u011flant\u0131 politikas\u0131n\u0131 istedi\u011fimiz zaman<br \/>\nde\u011fi\u015ftirme hakk\u0131m\u0131z\u0131 sakl\u0131 tutar\u0131z. Sitemize herhangi bir zamanda ba\u011flant\u0131 vererek bu ba\u011flant\u0131 h\u00fck\u00fcm ve ko\u015fullar\u0131na<br \/>\nba\u011fl\u0131 kalmay\u0131 ve bunlara uymay\u0131 kabul etmi\u015f olursunuz.<\/p>\n<p>Sitemizden ba\u011flant\u0131lar\u0131n kald\u0131r\u0131lmas\u0131<br \/>\nSitemizde herhangi bir nedenle rahats\u0131z edici bir ba\u011flant\u0131 bulursan\u0131z bize bildirmek i\u00e7in istedi\u011finiz zaman bizimle<br \/>\nileti\u015fime ge\u00e7ebilirsiniz. Ba\u011flant\u0131lar\u0131 kald\u0131rma taleplerini de\u011ferlendirece\u011fiz, ancak kullan\u0131c\u0131ya do\u011frudan yan\u0131t verme<br \/>\ny\u00fck\u00fcml\u00fcl\u00fc\u011f\u00fcm\u00fcz yoktur.<\/p>\n<p>Bu sitedeki bilgilerin do\u011frulu\u011funu, eksiksizli\u011fini veya do\u011frulu\u011funu garanti etmiyoruz; siteyi kullan\u0131labilir hale<br \/>\ngetirmek veya sitedeki materyali g\u00fcncel tutmak i\u00e7in herhangi bir y\u00fck\u00fcml\u00fcl\u00fck \u00fcstlenmiyoruz.<\/p>\n<p><b>Sorumluluk Reddi<\/b><br \/>\nY\u00fcr\u00fcrl\u00fckteki yasalar\u0131n izin verdi\u011fi en geni\u015f \u00f6l\u00e7\u00fcde sitemiz ve bu siteyi kullan\u0131m\u0131n\u0131zla ilgili t\u00fcm beyanlar\u0131,<br \/>\ngarantileri ve ko\u015fullar\u0131 hari\u00e7 tutuyoruz. Bu feragatnamedeki hi\u00e7bir \u015fey:<\/p>\n<ul>\n<li>\u00f6l\u00fcm veya ki\u015fisel yaralanma i\u00e7in bizim veya sizin sorumlulu\u011funuzu s\u0131n\u0131rlamak veya hari\u00e7 tutmak;<\/li>\n<li>doland\u0131r\u0131c\u0131l\u0131k veya hileli yanl\u0131\u015f beyandan dolay\u0131 bizim veya sizin sorumlulu\u011funuzu s\u0131n\u0131rlamak veya hari\u00e7 tutmak;\n    <\/li>\n<li>Bizim veya Sizin sorumlulu\u011funuzu y\u00fcr\u00fcrl\u00fckteki yasalar\u0131n izin vermedi\u011fi herhangi bir \u015fekilde s\u0131n\u0131rlamak;<\/li>\n<li>Bizim veya Sizin y\u00fcr\u00fcrl\u00fckteki yasalar kapsam\u0131nda hari\u00e7 tutulamayacak herhangi bir y\u00fck\u00fcml\u00fcl\u00fc\u011f\u00fcn\u00fcz\u00fc hari\u00e7 tutmak.\n    <\/li>\n<\/ul>\n<p>Bu b\u00f6l\u00fcmde ve bu Feragatnamenin ba\u015fka yerlerinde yer alan sorumluluk s\u0131n\u0131rlamalar\u0131 ve istisnalar\u0131: (a) bir \u00f6nceki<br \/>\nparagrafa tabidir; (b) s\u00f6zle\u015fme, haks\u0131z fiil ve yasal g\u00f6rev ihlali y\u00fck\u00fcml\u00fcl\u00fckleri de dahil olmak \u00fczere bu Feragatname<br \/>\nkapsam\u0131nda ortaya \u00e7\u0131kan t\u00fcm y\u00fck\u00fcml\u00fcl\u00fckleri y\u00f6netir.<\/p>\n<p>Web sitesindeki bilgi ve hizmetler \u00fccretsiz olarak sa\u011fland\u0131\u011f\u0131 s\u00fcrece herhangi bir kay\u0131p veya hasardan sorumlu<br \/>\nolmayaca\u011f\u0131z.<\/p>\n","protected":false},"excerpt":{"rendered":"<p>trfocusnews.com web sitesine ho\u015f geldiniz! H\u00fck\u00fcm ve ko\u015fullar, trfocusnews.com adresinde bulunan trfocusnews.com web sitesinin kullan\u0131m\u0131na ili\u015fkin kural ve d\u00fczenlemeleri a\u00e7\u0131klamaktad\u0131r. Bu web sitesine eri\u015ferek h\u00fck\u00fcm ve ko\u015fullar\u0131 kabul etti\u011finizi varsay\u0131yoruz.&hellip;<\/p>\n","protected":false},"author":1,"featured_media":0,"parent":0,"menu_order":0,"comment_status":"closed","ping_status":"closed","template":"","meta":{"footnotes":""},"class_list":["post-1312","page","type-page","status-publish","hentry"],"_links":{"self":[{"href":"https:\/\/trfocusnews.com\/index.php?rest_route=\/wp\/v2\/pages\/1312","targetHints":{"allow":["GET"]}}],"collection":[{"href":"https:\/\/trfocusnews.com\/index.php?rest_route=\/wp\/v2\/pages"}],"about":[{"href":"https:\/\/trfocusnews.com\/index.php?rest_route=\/wp\/v2\/types\/page"}],"author":[{"embeddable":true,"href":"https:\/\/trfocusnews.com\/index.php?rest_route=\/wp\/v2\/users\/1"}],"replies":[{"embeddable":true,"href":"https:\/\/trfocusnews.com\/index.php?rest_route=%2Fwp%2Fv2%2Fcomments&post=1312"}],"version-history":[{"count":4,"href":"https:\/\/trfocusnews.com\/index.php?rest_route=\/wp\/v2\/pages\/1312\/revisions"}],"predecessor-version":[{"id":1438,"href":"https:\/\/trfocusnews.com\/index.php?rest_route=\/wp\/v2\/pages\/1312\/revisions\/1438"}],"wp:attachment":[{"href":"https:\/\/trfocusnews.com\/index.php?rest_route=%2Fwp%2Fv2%2Fmedia&parent=1312"}],"curies":[{"name":"wp","href":"https:\/\/api.w.org\/{rel}","templated":true}]}}